{"id":1402,"date":"2022-06-17T14:28:09","date_gmt":"2022-06-17T12:28:09","guid":{"rendered":"https:\/\/issoire-photo.fr\/?page_id=1402"},"modified":"2022-06-17T14:28:19","modified_gmt":"2022-06-17T12:28:19","slug":"mentions-legales","status":"publish","type":"page","link":"https:\/\/www.issoire-photo.fr\/index.php\/mentions-legales\/","title":{"rendered":"Mentions l\u00e9gales"},"content":{"rendered":"\n<p>Conform\u00e9ment aux dispositions des articles 6-III et 19 de la Loi n\u00b0 2004-575 du 21 juin 2004 pour la Confiance dans l\u2019\u00e9conomie num\u00e9rique, dite L.C.E.N., nous portons \u00e0 la connaissance des utilisateurs et visiteurs du site :\u00a0<strong>issoire-photo.fr <\/strong>les informations suivantes :<\/p>\n\n\n\n<p><strong>\u00c9DITEUR<\/strong><\/p>\n\n\n\n<p>Le site\u00a0<strong>Issoire-photo.fr\u00a0<\/strong>est la propri\u00e9t\u00e9 exclusive de\u00a0<strong>Studio Imag&rsquo;<\/strong>,\u00a0qui l\u2019\u00e9dite.<\/p>\n\n\n\n<p><strong>Xyleme<br>SARL\u00a0<\/strong>au capital de\u00a0<strong>7 622 \u20ac\u00a0<\/strong>T\u00e9l :\u00a0<strong><a href=\"https:\/\/www.google.com\/search?q=studio+imag&amp;client=safari&amp;rls=en&amp;sxsrf=ALiCzsbHTQuDJsHy6RDaZuWmadw1NrIWjA%3A1655468221907&amp;ei=vXCsYuD3Nv6Di-gPoK6k4AQ&amp;ved=0ahUKEwigyrbau7T4AhX-wQIHHSAXCUwQ4dUDCA0&amp;uact=5&amp;oq=studio+imag&amp;gs_lcp=Cgdnd3Mtd2l6EAMyBAgjECcyBAgjECcyCwguEIAEEMcBEK8BMgsILhCABBDHARCvATIFCAAQgAQyBQgAEIAEMgUIABCABDIFCAAQgAQyCwguEIAEEMcBEK8BMgsILhCABBDHARCvAToQCC4QsQMQgwEQxwEQowIQQzoKCC4QxwEQ0QMQQzoECC4QQzoECAAQQzoLCAAQgAQQsQMQgwE6EQguEIAEELEDEIMBEMcBEKMCOgsILhCABBCxAxCDAToICC4QsQMQgwE6CAgAEIAEELEDOhEILhCABBCxAxCDARDHARCvAToQCAAQgAQQhwIQsQMQyQMQFDoFCAAQkgM6CgguEMcBEK8BEEM6DgguEIAEELEDEMcBENEDOgsIABCABBCxAxDJAzoNCAAQgAQQhwIQsQMQFEoECEEYAEoECEYYAFAAWNIKYJILaABwAHgAgAGoAYgB0gqSAQMxLjmYAQCgAQHAAQE&amp;sclient=gws-wiz#\">04 73 89 17 03<\/a>.<\/strong><\/p>\n\n\n\n<p><strong>1 Rue Gambetta, 63500 Issoire.<br><\/strong>Immatricul\u00e9e au Registre des M\u00e9tiers de\u00a0<strong>Clermont-Ferrand\u00a0<\/strong>sous le num\u00e9ro\u00a0<strong>421 440 983 00011.<\/strong><\/p>\n\n\n\n<p>Num\u00e9ro TVA intracommunautaire :\u00a0<strong>FR32421440983\u00a0<\/strong><\/p>\n\n\n\n<p>Adresse de courrier \u00e9lectronique :\u00a0<strong>question-site@issoire-photo.fr<\/strong><\/p>\n\n\n\n<p>Directeur de la publication :\u00a0<strong>Studio Imag&rsquo;<\/strong><\/p>\n\n\n\n<p>Contactez le responsable de la publication :\u00a0<strong><strong>question-site@issoire-photo.fr<\/strong><\/strong><\/p>\n\n\n\n<p><strong>H\u00c9BERGEMENT<\/strong><\/p>\n\n\n\n<p>Le site est h\u00e9berg\u00e9 par\u00a0<strong>OVHCloud<\/strong><\/p>\n\n\n\n<p><strong>support@ovh.com \/ Tel : 1007<br>2 rue Kellermann\u00a0<br>59100 Roubaix<\/strong><\/p>\n","protected":false},"excerpt":{"rendered":"<p>Conform\u00e9ment aux dispositions des articles 6-III et 19 de la Loi n\u00b0 2004-575 du 21 juin 2004 pour la Confiance dans l\u2019\u00e9conomie num\u00e9rique, dite L.C.E.N., nous portons \u00e0 la connaissance des utilisateurs et visiteurs du site :\u00a0issoire-photo.fr les informations suivantes : \u00c9DITEUR Le site\u00a0Issoire-photo.fr\u00a0est la propri\u00e9t\u00e9 exclusive de\u00a0Studio Imag&rsquo;,\u00a0qui l\u2019\u00e9dite. XylemeSARL\u00a0au capital de\u00a07 622 \u20ac\u00a0T\u00e9l &hellip;<\/p>\n<p class=\"read-more\"> <a class=\"\" href=\"https:\/\/www.issoire-photo.fr\/index.php\/mentions-legales\/\"> <span class=\"screen-reader-text\">Mentions l\u00e9gales<\/span> Lire la suite\u00a0\u00bb<\/a><\/p>\n","protected":false},"author":1,"featured_media":0,"parent":0,"menu_order":0,"comment_status":"closed","ping_status":"closed","template":"","meta":{"site-sidebar-layout":"default","site-content-layout":"default","ast-global-header-display":"","ast-main-header-display":"","ast-hfb-above-header-display":"","ast-hfb-below-header-display":"","ast-hfb-mobile-header-display":"","site-post-title":"","ast-breadcrumbs-content":"","ast-featured-img":"","footer-sml-layout":"","theme-transparent-header-meta":"","adv-header-id-meta":"","stick-header-meta":"","header-above-stick-meta":"","header-main-stick-meta":"","header-below-stick-meta":"","footnotes":""},"class_list":["post-1402","page","type-page","status-publish","hentry"],"yoast_head":"<!-- This site is optimized with the Yoast SEO plugin v19.1 - https:\/\/yoast.com\/wordpress\/plugins\/seo\/ -->\n<title>Mentions l\u00e9gales - Studio Imag&#039;<\/title>\n<meta name=\"robots\" content=\"index, follow, max-snippet:-1, max-image-preview:large, max-video-preview:-1\" \/>\n<link rel=\"canonical\" href=\"https:\/\/www.issoire-photo.fr\/index.php\/mentions-legales\/\" \/>\n<meta property=\"og:locale\" content=\"fr_FR\" \/>\n<meta property=\"og:type\" content=\"article\" \/>\n<meta property=\"og:title\" content=\"Mentions l\u00e9gales - Studio Imag&#039;\" \/>\n<meta property=\"og:description\" content=\"Conform\u00e9ment aux dispositions des articles 6-III et 19 de la Loi n\u00b0 2004-575 du 21 juin 2004 pour la Confiance dans l\u2019\u00e9conomie num\u00e9rique, dite L.C.E.N., nous portons \u00e0 la connaissance des utilisateurs et visiteurs du site :\u00a0issoire-photo.fr les informations suivantes : \u00c9DITEUR Le site\u00a0Issoire-photo.fr\u00a0est la propri\u00e9t\u00e9 exclusive de\u00a0Studio Imag&rsquo;,\u00a0qui l\u2019\u00e9dite. XylemeSARL\u00a0au capital de\u00a07 622 \u20ac\u00a0T\u00e9l &hellip; Mentions l\u00e9gales Lire la suite\u00a0\u00bb\" \/>\n<meta property=\"og:url\" content=\"https:\/\/www.issoire-photo.fr\/index.php\/mentions-legales\/\" \/>\n<meta property=\"og:site_name\" content=\"Studio Imag&#039;\" \/>\n<meta property=\"article:modified_time\" content=\"2022-06-17T12:28:19+00:00\" \/>\n<meta name=\"twitter:card\" content=\"summary_large_image\" \/>\n<meta name=\"twitter:label1\" content=\"Dur\u00e9e de lecture estim\u00e9e\" \/>\n\t<meta name=\"twitter:data1\" content=\"1 minute\" \/>\n<script type=\"application\/ld+json\" class=\"yoast-schema-graph\">{\"@context\":\"https:\/\/schema.org\",\"@graph\":[{\"@type\":\"WebSite\",\"@id\":\"https:\/\/www.issoire-photo.fr\/#website\",\"url\":\"https:\/\/www.issoire-photo.fr\/\",\"name\":\"Studio Imag&#039;\",\"description\":\"Photographe professionnel &amp; portraitiste | Issoire\",\"potentialAction\":[{\"@type\":\"SearchAction\",\"target\":{\"@type\":\"EntryPoint\",\"urlTemplate\":\"https:\/\/www.issoire-photo.fr\/?s={search_term_string}\"},\"query-input\":\"required name=search_term_string\"}],\"inLanguage\":\"fr-FR\"},{\"@type\":\"WebPage\",\"@id\":\"https:\/\/www.issoire-photo.fr\/index.php\/mentions-legales\/#webpage\",\"url\":\"https:\/\/www.issoire-photo.fr\/index.php\/mentions-legales\/\",\"name\":\"Mentions l\u00e9gales - Studio Imag&#039;\",\"isPartOf\":{\"@id\":\"https:\/\/www.issoire-photo.fr\/#website\"},\"datePublished\":\"2022-06-17T12:28:09+00:00\",\"dateModified\":\"2022-06-17T12:28:19+00:00\",\"breadcrumb\":{\"@id\":\"https:\/\/www.issoire-photo.fr\/index.php\/mentions-legales\/#breadcrumb\"},\"inLanguage\":\"fr-FR\",\"potentialAction\":[{\"@type\":\"ReadAction\",\"target\":[\"https:\/\/www.issoire-photo.fr\/index.php\/mentions-legales\/\"]}]},{\"@type\":\"BreadcrumbList\",\"@id\":\"https:\/\/www.issoire-photo.fr\/index.php\/mentions-legales\/#breadcrumb\",\"itemListElement\":[{\"@type\":\"ListItem\",\"position\":1,\"name\":\"Accueil\",\"item\":\"https:\/\/www.issoire-photo.fr\/\"},{\"@type\":\"ListItem\",\"position\":2,\"name\":\"Mentions l\u00e9gales\"}]}]}<\/script>\n<!-- \/ Yoast SEO plugin. -->","yoast_head_json":{"title":"Mentions l\u00e9gales - Studio Imag&#039;","robots":{"index":"index","follow":"follow","max-snippet":"max-snippet:-1","max-image-preview":"max-image-preview:large","max-video-preview":"max-video-preview:-1"},"canonical":"https:\/\/www.issoire-photo.fr\/index.php\/mentions-legales\/","og_locale":"fr_FR","og_type":"article","og_title":"Mentions l\u00e9gales - Studio Imag&#039;","og_description":"Conform\u00e9ment aux dispositions des articles 6-III et 19 de la Loi n\u00b0 2004-575 du 21 juin 2004 pour la Confiance dans l\u2019\u00e9conomie num\u00e9rique, dite L.C.E.N., nous portons \u00e0 la connaissance des utilisateurs et visiteurs du site :\u00a0issoire-photo.fr les informations suivantes : \u00c9DITEUR Le site\u00a0Issoire-photo.fr\u00a0est la propri\u00e9t\u00e9 exclusive de\u00a0Studio Imag&rsquo;,\u00a0qui l\u2019\u00e9dite. XylemeSARL\u00a0au capital de\u00a07 622 \u20ac\u00a0T\u00e9l &hellip; Mentions l\u00e9gales Lire la suite\u00a0\u00bb","og_url":"https:\/\/www.issoire-photo.fr\/index.php\/mentions-legales\/","og_site_name":"Studio Imag&#039;","article_modified_time":"2022-06-17T12:28:19+00:00","twitter_card":"summary_large_image","twitter_misc":{"Dur\u00e9e de lecture estim\u00e9e":"1 minute"},"schema":{"@context":"https:\/\/schema.org","@graph":[{"@type":"WebSite","@id":"https:\/\/www.issoire-photo.fr\/#website","url":"https:\/\/www.issoire-photo.fr\/","name":"Studio Imag&#039;","description":"Photographe professionnel &amp; portraitiste | Issoire","potentialAction":[{"@type":"SearchAction","target":{"@type":"EntryPoint","urlTemplate":"https:\/\/www.issoire-photo.fr\/?s={search_term_string}"},"query-input":"required name=search_term_string"}],"inLanguage":"fr-FR"},{"@type":"WebPage","@id":"https:\/\/www.issoire-photo.fr\/index.php\/mentions-legales\/#webpage","url":"https:\/\/www.issoire-photo.fr\/index.php\/mentions-legales\/","name":"Mentions l\u00e9gales - Studio Imag&#039;","isPartOf":{"@id":"https:\/\/www.issoire-photo.fr\/#website"},"datePublished":"2022-06-17T12:28:09+00:00","dateModified":"2022-06-17T12:28:19+00:00","breadcrumb":{"@id":"https:\/\/www.issoire-photo.fr\/index.php\/mentions-legales\/#breadcrumb"},"inLanguage":"fr-FR","potentialAction":[{"@type":"ReadAction","target":["https:\/\/www.issoire-photo.fr\/index.php\/mentions-legales\/"]}]},{"@type":"BreadcrumbList","@id":"https:\/\/www.issoire-photo.fr\/index.php\/mentions-legales\/#breadcrumb","itemListElement":[{"@type":"ListItem","position":1,"name":"Accueil","item":"https:\/\/www.issoire-photo.fr\/"},{"@type":"ListItem","position":2,"name":"Mentions l\u00e9gales"}]}]}},"_links":{"self":[{"href":"https:\/\/www.issoire-photo.fr\/index.php\/wp-json\/wp\/v2\/pages\/1402","targetHints":{"allow":["GET"]}}],"collection":[{"href":"https:\/\/www.issoire-photo.fr\/index.php\/wp-json\/wp\/v2\/pages"}],"about":[{"href":"https:\/\/www.issoire-photo.fr\/index.php\/wp-json\/wp\/v2\/types\/page"}],"author":[{"embeddable":true,"href":"https:\/\/www.issoire-photo.fr\/index.php\/wp-json\/wp\/v2\/users\/1"}],"replies":[{"embeddable":true,"href":"https:\/\/www.issoire-photo.fr\/index.php\/wp-json\/wp\/v2\/comments?post=1402"}],"version-history":[{"count":2,"href":"https:\/\/www.issoire-photo.fr\/index.php\/wp-json\/wp\/v2\/pages\/1402\/revisions"}],"predecessor-version":[{"id":1404,"href":"https:\/\/www.issoire-photo.fr\/index.php\/wp-json\/wp\/v2\/pages\/1402\/revisions\/1404"}],"wp:attachment":[{"href":"https:\/\/www.issoire-photo.fr\/index.php\/wp-json\/wp\/v2\/media?parent=1402"}],"curies":[{"name":"wp","href":"https:\/\/api.w.org\/{rel}","templated":true}]}}